{"id":115,"date":"2025-11-10T22:28:46","date_gmt":"2025-11-10T22:28:46","guid":{"rendered":"https:\/\/moulakakisvascular.gr\/?page_id=115"},"modified":"2025-12-29T10:32:26","modified_gmt":"2025-12-29T10:32:26","slug":"doctor","status":"publish","type":"page","link":"https:\/\/moulakakisvascular.gr\/en\/doctor\/","title":{"rendered":"The Doctor"},"content":{"rendered":"<div data-elementor-type=\"wp-page\" data-elementor-id=\"115\" class=\"elementor elementor-115\" data-elementor-post-type=\"page\">\n\t\t\t\t<div class=\"elementor-element elementor-element-f5d72ae e-flex e-con-boxed elementor-invisible e-con e-parent\" data-id=\"f5d72ae\" data-element_type=\"container\" data-e-type=\"container\" data-settings=\"{&quot;background_background&quot;:&quot;classic&quot;,&quot;animation&quot;:&quot;fadeInUp&quot;,&quot;background_motion_fx_motion_fx_scrolling&quot;:&quot;yes&quot;,&quot;background_motion_fx_scale_effect&quot;:&quot;yes&quot;,&quot;background_motion_fx_scale_direction&quot;:&quot;out-in&quot;,&quot;background_motion_fx_scale_speed&quot;:{&quot;unit&quot;:&quot;px&quot;,&quot;size&quot;:4,&quot;sizes&quot;:[]},&quot;background_motion_fx_scale_range&quot;:{&quot;unit&quot;:&quot;%&quot;,&quot;size&quot;:&quot;&quot;,&quot;sizes&quot;:{&quot;start&quot;:20,&quot;end&quot;:80}},&quot;background_motion_fx_devices&quot;:[&quot;desktop&quot;,&quot;tablet&quot;,&quot;mobile&quot;]}\">\n\t\t\t\t\t<div class=\"e-con-inner\">\n\t\t\t\t<div class=\"elementor-element elementor-element-6cd4299 elementor-widget__width-initial elementor-widget elementor-widget-heading\" data-id=\"6cd4299\" data-element_type=\"widget\" data-e-type=\"widget\" data-widget_type=\"heading.default\">\n\t\t\t\t\t<h1 class=\"elementor-heading-title elementor-size-default\">The Doctor<\/h1>\t\t\t\t<\/div>\n\t\t\t\t\t<\/div>\n\t\t\t\t<\/div>\n\t\t<div class=\"elementor-element elementor-element-60a33a4 e-flex e-con-boxed e-con e-parent\" data-id=\"60a33a4\" data-element_type=\"container\" data-e-type=\"container\">\n\t\t\t\t\t<div class=\"e-con-inner\">\n\t\t<div class=\"elementor-element elementor-element-7e87fa5 e-con-full e-flex elementor-invisible e-con e-child\" data-id=\"7e87fa5\" data-element_type=\"container\" data-e-type=\"container\" data-settings=\"{&quot;animation&quot;:&quot;fadeInLeft&quot;}\">\n\t\t\t\t<div class=\"elementor-element elementor-element-f4835a1 elementor-widget elementor-widget-text-editor\" data-id=\"f4835a1\" data-element_type=\"widget\" data-e-type=\"widget\" data-widget_type=\"text-editor.default\">\n\t\t\t\t\t\t\t\t\t<p>\u275e<\/p>\t\t\t\t\t\t\t\t<\/div>\n\t\t\t\t<\/div>\n\t\t<div class=\"elementor-element elementor-element-5c69c94 e-con-full e-flex e-con e-child\" data-id=\"5c69c94\" data-element_type=\"container\" data-e-type=\"container\">\n\t\t\t\t<div class=\"elementor-element elementor-element-8a9e962 elementor-widget__width-initial elementor-widget-mobile__width-initial elementor-invisible elementor-widget elementor-widget-text-editor\" data-id=\"8a9e962\" data-element_type=\"widget\" data-e-type=\"widget\" data-settings=\"{&quot;_animation&quot;:&quot;fadeInUp&quot;}\" data-widget_type=\"text-editor.default\">\n\t\t\t\t\t\t\t\t\t<p data-start=\"1695\" data-end=\"2229\">Konstantinos G. Moulakakis is a distinguished scientific figure in the field of Vascular Surgery in Greece and Europe. With deep roots in both academic and clinical training, he began his studies at the University of Patras Medical School and advanced his academic career by obtaining his PhD from the University of Athens. His specialization in Vascular Surgery at the \"Red Cross\" Hospital and his training at the 2nd Propedeutic Surgical Clinic laid the foundation for a steadily evolving career.<\/p><p data-start=\"2231\" data-end=\"2596\">His professional path includes significant international experience at leading centers, such as Uniklinik K\u00f6ln and the University of Texas in Houston, where he received advanced training in cutting-edge endovascular and open surgical techniques. Furthermore, his long-standing tenure as a Consultant at \"Attikon\" University Hospital has contributed to the formation of a strong clinical identity.<\/p>\t\t\t\t\t\t\t\t<\/div>\n\t\t\t\t<\/div>\n\t\t\t\t\t<\/div>\n\t\t\t\t<\/div>\n\t\t<div class=\"elementor-element elementor-element-466fef8 e-flex e-con-boxed e-con e-parent\" data-id=\"466fef8\" data-element_type=\"container\" data-e-type=\"container\" data-settings=\"{&quot;background_background&quot;:&quot;classic&quot;}\">\n\t\t\t\t\t<div class=\"e-con-inner\">\n\t\t<div class=\"elementor-element elementor-element-6925b77 e-con-full e-flex elementor-invisible e-con e-child\" data-id=\"6925b77\" data-element_type=\"container\" data-e-type=\"container\" data-settings=\"{&quot;animation&quot;:&quot;fadeInLeft&quot;}\">\n\t\t\t\t<div class=\"elementor-element elementor-element-4cc8417 elementor-widget elementor-widget-text-editor\" data-id=\"4cc8417\" data-element_type=\"widget\" data-e-type=\"widget\" data-widget_type=\"text-editor.default\">\n\t\t\t\t\t\t\t\t\t<p>His research work is equally impressive, comprising more than 250 publications and significant international recognition (h-index 42). As a member of the HEVAR coordinating committee, he has actively contributed to improving the registry and management of vascular diseases in Greece, while also serving Greek scientific societies for many years in the role of Secretary. With numerous awards, scholarships, and distinctions, he continues to serve clinical practice, research, and university education with consistency and dedication.<\/p>\t\t\t\t\t\t\t\t<\/div>\n\t\t\t\t<\/div>\n\t\t\t\t<div class=\"elementor-element elementor-element-dbf046f elementor-invisible elementor-widget elementor-widget-image\" data-id=\"dbf046f\" data-element_type=\"widget\" data-e-type=\"widget\" data-settings=\"{&quot;_animation&quot;:&quot;fadeInRight&quot;}\" data-widget_type=\"image.default\">\n\t\t\t\t\t\t\t\t\t\t\t\t\t\t\t<img fetchpriority=\"high\" decoding=\"async\" width=\"800\" height=\"534\" src=\"https:\/\/moulakakisvascular.gr\/wp-content\/uploads\/2025\/11\/EVA-MEETING-2023-900-1024x683.jpg\" class=\"attachment-large size-large wp-image-504\" alt=\"\" srcset=\"https:\/\/moulakakisvascular.gr\/wp-content\/uploads\/2025\/11\/EVA-MEETING-2023-900-1024x683.jpg 1024w, https:\/\/moulakakisvascular.gr\/wp-content\/uploads\/2025\/11\/EVA-MEETING-2023-900-300x200.jpg 300w, https:\/\/moulakakisvascular.gr\/wp-content\/uploads\/2025\/11\/EVA-MEETING-2023-900-768x512.jpg 768w, https:\/\/moulakakisvascular.gr\/wp-content\/uploads\/2025\/11\/EVA-MEETING-2023-900-1536x1024.jpg 1536w, https:\/\/moulakakisvascular.gr\/wp-content\/uploads\/2025\/11\/EVA-MEETING-2023-900-2048x1365.jpg 2048w\" sizes=\"(max-width: 800px) 100vw, 800px\" \/>\t\t\t\t\t\t\t\t\t\t\t\t\t\t\t<\/div>\n\t\t\t\t\t<\/div>\n\t\t\t\t<\/div>\n\t\t<div class=\"elementor-element elementor-element-720d758 e-flex e-con-boxed e-con e-parent\" data-id=\"720d758\" data-element_type=\"container\" data-e-type=\"container\">\n\t\t\t\t\t<div class=\"e-con-inner\">\n\t\t\t\t<div class=\"elementor-element elementor-element-6d51406 elementor-widget-divider--view-line_text elementor-widget-divider--element-align-center elementor-invisible elementor-widget elementor-widget-divider\" data-id=\"6d51406\" data-element_type=\"widget\" data-e-type=\"widget\" data-settings=\"{&quot;_animation&quot;:&quot;fadeInUp&quot;}\" data-widget_type=\"divider.default\">\n\t\t\t\t\t\t\t<div class=\"elementor-divider\">\n\t\t\t<span class=\"elementor-divider-separator\">\n\t\t\t\t\t\t\t<h2 class=\"elementor-divider__text elementor-divider__element\">\n\t\t\t\tEducation \u2013 Permanent Positions\t\t\t\t<\/h2>\n\t\t\t\t\t\t<\/span>\n\t\t<\/div>\n\t\t\t\t\t\t<\/div>\n\t\t<div class=\"elementor-element elementor-element-180d543 e-con-full e-flex elementor-invisible e-con e-child\" data-id=\"180d543\" data-element_type=\"container\" data-e-type=\"container\" data-settings=\"{&quot;animation&quot;:&quot;fadeInUp&quot;}\">\n\t\t\t\t<div class=\"elementor-element elementor-element-b6c3fd9 elementor-widget__width-initial elementor-widget elementor-widget-text-editor\" data-id=\"b6c3fd9\" data-element_type=\"widget\" data-e-type=\"widget\" data-widget_type=\"text-editor.default\">\n\t\t\t\t\t\t\t\t\t<p data-start=\"298\" data-end=\"367\"><strong>1990 \u2013 1997<\/strong><br data-start=\"313\" data-end=\"316\" \/>Medical Degree (MD), School of Medicine, University of Patras<\/p><p data-start=\"369\" data-end=\"493\"><strong data-start=\"369\" data-end=\"384\">2001 \u2013 2004<\/strong><br data-start=\"384\" data-end=\"387\" \/>Residency in General Surgery, 2nd Propedeutic Surgical Clinic, Medical School, National and Kapodistrian University of Athens<\/p><p data-start=\"495\" data-end=\"716\"><strong data-start=\"495\" data-end=\"510\">2004 \u2013 2008<\/strong><br data-start=\"510\" data-end=\"513\" \/>Residency in Vascular Surgery, Vascular Surgery Department, \"Red Cross\" Hospital<br data-start=\"602\" data-end=\"605\" \/>Concurrent Training at the University Vascular Surgery Clinic, Cologne, Germany (2007, Educational Grant)<\/p><p data-start=\"718\" data-end=\"840\"><strong data-start=\"718\" data-end=\"733\">2008 \u2013 2010<\/strong><br data-start=\"733\" data-end=\"736\" \/>Fellowship in Vascular Surgery, Klinik und Poliklinik f\u00fcr Gef\u00e4\u00dfchirurgie, Uniklinik K\u00f6ln, Germany<\/p><p data-start=\"842\" data-end=\"1054\"><strong data-start=\"842\" data-end=\"857\">2010 \u2013 2013<\/strong><br data-start=\"857\" data-end=\"860\" \/>Consultant Vascular Surgeon, Vascular Surgery Department, \"Attikon\" University Hospital<\/p><p data-start=\"842\" data-end=\"1054\"><strong>2013:<\/strong>\u00a0<span style=\"font-size: 1rem;\">Advanced Training \/ Fellowship in the USA (2013), University of Texas \u2013 Department of Cardiovascular Surgery, Houston, Hermann Institute<\/span><\/p><p data-start=\"1056\" data-end=\"1177\"><strong data-start=\"842\" data-end=\"857\">2013 \u2013 2020<\/strong><br data-start=\"857\" data-end=\"860\" \/>Consultant Vascular Surgeon, Vascular Surgery Department, \"Attikon\" University Hospital<\/p><p data-start=\"1056\" data-end=\"1177\"><strong data-start=\"1056\" data-end=\"1071\">2020 \u2013 2024<\/strong><br data-start=\"1071\" data-end=\"1074\" \/>Associate Professor of Vascular Surgery, University of Patras \u2013 University General Hospital of Patras<\/p><p data-start=\"1179\" data-end=\"1337\"><strong data-start=\"1179\" data-end=\"1196\">2024 \u2013 today<\/strong><br data-start=\"1196\" data-end=\"1199\" \/>Associate Professor of Vascular Surgery, National and Kapodistrian University of Athens (NKUA)<br data-start=\"1292\" data-end=\"1295\" \/>\"Attikon\" University General Hospital<\/p>\t\t\t\t\t\t\t\t<\/div>\n\t\t\t\t<div class=\"elementor-element elementor-element-2d01e6f elementor-widget elementor-widget-image\" data-id=\"2d01e6f\" data-element_type=\"widget\" data-e-type=\"widget\" data-widget_type=\"image.default\">\n\t\t\t\t\t\t\t\t\t\t\t\t\t\t\t<img decoding=\"async\" width=\"683\" height=\"1024\" src=\"https:\/\/moulakakisvascular.gr\/wp-content\/uploads\/2025\/11\/EVA-MEETING-3_edited-683x1024.png\" class=\"attachment-large size-large wp-image-503\" alt=\"\" srcset=\"https:\/\/moulakakisvascular.gr\/wp-content\/uploads\/2025\/11\/EVA-MEETING-3_edited-683x1024.png 683w, https:\/\/moulakakisvascular.gr\/wp-content\/uploads\/2025\/11\/EVA-MEETING-3_edited-200x300.png 200w, https:\/\/moulakakisvascular.gr\/wp-content\/uploads\/2025\/11\/EVA-MEETING-3_edited-768x1152.png 768w, https:\/\/moulakakisvascular.gr\/wp-content\/uploads\/2025\/11\/EVA-MEETING-3_edited-1024x1536.png 1024w, https:\/\/moulakakisvascular.gr\/wp-content\/uploads\/2025\/11\/EVA-MEETING-3_edited-1365x2048.png 1365w, https:\/\/moulakakisvascular.gr\/wp-content\/uploads\/2025\/11\/EVA-MEETING-3_edited-scaled.png 1707w\" sizes=\"(max-width: 683px) 100vw, 683px\" \/>\t\t\t\t\t\t\t\t\t\t\t\t\t\t\t<\/div>\n\t\t\t\t<\/div>\n\t\t\t\t\t<\/div>\n\t\t\t\t<\/div>\n\t\t<div class=\"elementor-element elementor-element-5ccc9cb e-flex e-con-boxed e-con e-parent\" data-id=\"5ccc9cb\" data-element_type=\"container\" data-e-type=\"container\">\n\t\t\t\t\t<div class=\"e-con-inner\">\n\t\t\t\t<div class=\"elementor-element elementor-element-e940053 elementor-widget-divider--view-line_text elementor-widget-divider--element-align-center elementor-invisible elementor-widget elementor-widget-divider\" data-id=\"e940053\" data-element_type=\"widget\" data-e-type=\"widget\" data-settings=\"{&quot;_animation&quot;:&quot;fadeInUp&quot;}\" data-widget_type=\"divider.default\">\n\t\t\t\t\t\t\t<div class=\"elementor-divider\">\n\t\t\t<span class=\"elementor-divider-separator\">\n\t\t\t\t\t\t\t<h2 class=\"elementor-divider__text elementor-divider__element\">\n\t\t\t\tAwards \u2013 Scholarships \u2013 Distinctions \u2013 Prizes \t\t\t\t<\/h2>\n\t\t\t\t\t\t<\/span>\n\t\t<\/div>\n\t\t\t\t\t\t<\/div>\n\t\t<div class=\"elementor-element elementor-element-c2e00ee e-con-full e-flex elementor-invisible e-con e-child\" data-id=\"c2e00ee\" data-element_type=\"container\" data-e-type=\"container\" data-settings=\"{&quot;animation&quot;:&quot;fadeInUp&quot;}\">\n\t\t\t\t<div class=\"elementor-element elementor-element-f92f95a elementor-widget__width-initial elementor-widget elementor-widget-text-editor\" data-id=\"f92f95a\" data-element_type=\"widget\" data-e-type=\"widget\" data-widget_type=\"text-editor.default\">\n\t\t\t\t\t\t\t\t\t<p class=\"font_8 wixui-rich-text__text\"><strong><span class=\"wixui-rich-text__text\">2006<br \/><\/span><\/strong><span class=\"wixui-rich-text__text\">Commendation of the \"Sotiris Papastamatis\" Prize, by the Athens Medical Society for the study: \"Study of the effects of hyperthyroidism on the histological structure and mechanical properties of the aorta.\"\u00a0\u00a0<\/span><\/p><p class=\"font_8 wixui-rich-text__text\"><strong><span class=\"wixui-rich-text__text\"><span class=\"wixGuard wixui-rich-text__text\">\u200b<\/span><\/span><span class=\"wixui-rich-text__text\">2007<br \/><\/span><\/strong><span class=\"wixui-rich-text__text\">ESVS (European Society for Vascular Surgery) Scholarship, for training in Germany in Vascular and Endovascular Surgery.<\/span><span class=\"wixui-rich-text__text\"><span class=\"wixGuard wixui-rich-text__text\">\u200b<\/span><\/span><\/p><p class=\"font_8 wixui-rich-text__text\"><strong><span class=\"wixui-rich-text__text\">2008<br \/><\/span><\/strong><span class=\"wixui-rich-text__text\">First Prize for Experimental Study, 11th Panhellenic Congress of Vascular Surgery and Angiology, January 18-20, 2008, Thessaloniki: \"Study of oxidative stress and histological changes in the thoracic aortic wall in experimental hypothyroidism.\"\u00a0<\/span><span class=\"wixui-rich-text__text\">\u00a0<\/span><\/p><p class=\"font_8 wixui-rich-text__text\"><strong><span class=\"wixui-rich-text__text\">2010<br \/><\/span><\/strong><span class=\"wixui-rich-text__text\">Commendation by the Hellenic Cardiological Society for the Research Paper at the 31st Panhellenic Cardiological Congress for the study: \"The significance of aortic stiffness in patients with abdominal aortic aneurysm.\"<\/span><\/p><p class=\"font_8 wixui-rich-text__text\"><strong><span class=\"wixui-rich-text__text\">2011<br \/><\/span><\/strong><span class=\"wixui-rich-text__text\">Grant from Hellenic Cardiac Society. \u201cAortic stiffness before and after endovascular AAA reconstruction\u201d 2011.\u00a0<\/span><\/p><p class=\"font_8 wixui-rich-text__text\"><strong><span class=\"wixui-rich-text__text\">2012<br \/><\/span><\/strong><span class=\"wixui-rich-text__text\">Clinical Study Award, 13th Panhellenic Congress of Vascular and Endovascular Surgery, March 2012: \"Rupture of abdominal aortic aneurysm: 3.5 years of experience since the inception of the University of Athens Vascular Surgery Clinic.\"<\/span><span class=\"wixui-rich-text__text\"><span class=\"wixGuard wixui-rich-text__text\">\u200b<\/span><\/span><\/p><p class=\"font_8 wixui-rich-text__text\"><strong><span class=\"wixui-rich-text__text\">2012<br \/><\/span><\/strong><span class=\"wixui-rich-text__text\">1st prize Award, London Cardiovascular Symposium, 19-20 October 2012,\u00a0Complex Cases Session, Plenary Presentation, &#8220;Endovascular management of rupture after rupture following elective EVAR and implications on endograft stability&#8221;<\/span><\/p><p class=\"font_8 wixui-rich-text__text\"><strong><span class=\"wixui-rich-text__text\">2014<br \/><\/span><\/strong><span class=\"wixui-rich-text__text\">\"Dimakakos\" Prize for Best Oral Presentation, 14th Panhellenic Congress of Vascular and Endovascular Surgery, March 13-16, 2014: \"Endograft limb occlusion after endovascular aortic repair: a single center experience.\"\u00a0<\/span><span class=\"wixui-rich-text__text\"><span class=\"wixGuard wixui-rich-text__text\">\u200b<\/span><\/span><\/p><p class=\"font_8 wixui-rich-text__text\"><strong><span class=\"wixui-rich-text__text\">2016<br \/><\/span><\/strong><span class=\"wixui-rich-text__text\">Best Oral Presentation Award: \"The effect of exercise on the cardiovascular system in diabetic rats.\" 15th Panhellenic Congress of Vascular and Endovascular Surgery \u2013 Angiology, 2016.<\/span><\/p><p class=\"font_8 wixui-rich-text__text\"><strong><span class=\"wixui-rich-text__text\">2018<br \/><\/span><\/strong><span class=\"wixui-rich-text__text\">Honorary Mention: \"Creation of a prognostic model for predicting Type II endoleak after endovascular aneurysm repair (EVAR).\" 17th Panhellenic Congress of Vascular and Endovascular Surgery \u2013 Angiology.<\/span><\/p><p class=\"font_8 wixui-rich-text__text\"><strong><span class=\"wixui-rich-text__text\">2020<br \/><\/span><\/strong><span class=\"wixui-rich-text__text\">Honorary Mention by the Hellenic Society of Vascular and Endovascular Surgery: \"The experience of the Vascular Surgery Clinic of 'Attikon' University Hospital in the management of juxtarenal abdominal aortic aneurysms from 2015 to 2019\", 19th Panhellenic Hybrid Congress of Vascular and Endovascular Surgery \u2013 Angiology.<\/span><\/p>\t\t\t\t\t\t\t\t<\/div>\n\t\t\t\t<div class=\"elementor-element elementor-element-664896b elementor-widget elementor-widget-image\" data-id=\"664896b\" data-element_type=\"widget\" data-e-type=\"widget\" data-widget_type=\"image.default\">\n\t\t\t\t\t\t\t\t\t\t\t\t\t\t\t<img decoding=\"async\" width=\"720\" height=\"558\" src=\"https:\/\/moulakakisvascular.gr\/wp-content\/uploads\/2025\/11\/LAZARIS.jpg\" class=\"attachment-large size-large wp-image-524\" alt=\"\" srcset=\"https:\/\/moulakakisvascular.gr\/wp-content\/uploads\/2025\/11\/LAZARIS.jpg 720w, https:\/\/moulakakisvascular.gr\/wp-content\/uploads\/2025\/11\/LAZARIS-300x233.jpg 300w\" sizes=\"(max-width: 720px) 100vw, 720px\" \/>\t\t\t\t\t\t\t\t\t\t\t\t\t\t\t<\/div>\n\t\t\t\t<\/div>\n\t\t\t\t\t<\/div>\n\t\t\t\t<\/div>\n\t\t\t\t<\/div>","protected":false},"excerpt":{"rendered":"<p>\u039f \u0399\u03b1\u03c4\u03c1\u03cc\u03c2 \u275e \u039f \u039a\u03c9\u03bd\u03c3\u03c4\u03b1\u03bd\u03c4\u03af\u03bd\u03bf\u03c2 \u0393. \u039c\u03bf\u03c5\u03bb\u03b1\u03ba\u03ac\u03ba\u03b7\u03c2 \u03b1\u03c0\u03bf\u03c4\u03b5\u03bb\u03b5\u03af \u03bc\u03af\u03b1 \u03b1\u03bd\u03b1\u03b3\u03bd\u03c9\u03c1\u03b9\u03c3\u03bc\u03ad\u03bd\u03b7 \u03b5\u03c0\u03b9\u03c3\u03c4\u03b7\u03bc\u03bf\u03bd\u03b9\u03ba\u03ae \u03c0\u03b1\u03c1\u03bf\u03c5\u03c3\u03af\u03b1 \u03c3\u03c4\u03bf\u03bd \u03c7\u03ce\u03c1\u03bf \u03c4\u03b7\u03c2 \u0391\u03b3\u03b3\u03b5\u03b9\u03bf\u03c7\u03b5\u03b9\u03c1\u03bf\u03c5\u03c1\u03b3\u03b9\u03ba\u03ae\u03c2 \u03c3\u03c4\u03b7\u03bd \u0395\u03bb\u03bb\u03ac\u03b4\u03b1 \u03ba\u03b1\u03b9 \u03c4\u03b7\u03bd \u0395\u03c5\u03c1\u03ce\u03c0\u03b7. \u039c\u03b5 \u03b2\u03b1\u03b8\u03b9\u03ad\u03c2 \u03c1\u03af\u03b6\u03b5\u03c2 \u03c3\u03c4\u03b7\u03bd \u03c0\u03b1\u03bd\u03b5\u03c0\u03b9\u03c3\u03c4\u03b7\u03bc\u03b9\u03b1\u03ba\u03ae \u03ba\u03b1\u03b9 \u03ba\u03bb\u03b9\u03bd\u03b9\u03ba\u03ae \u03b5\u03ba\u03c0\u03b1\u03af\u03b4\u03b5\u03c5\u03c3\u03b7, \u03be\u03b5\u03ba\u03af\u03bd\u03b7\u03c3\u03b5 \u03c4\u03b9\u03c2 \u03c3\u03c0\u03bf\u03c5\u03b4\u03ad\u03c2 \u03c4\u03bf\u03c5 \u03c3\u03c4\u03b7\u03bd \u0399\u03b1\u03c4\u03c1\u03b9\u03ba\u03ae \u03a3\u03c7\u03bf\u03bb\u03ae \u03a0\u03b1\u03c4\u03c1\u03ce\u03bd \u03ba\u03b1\u03b9 \u03c3\u03c5\u03bd\u03ad\u03c7\u03b9\u03c3\u03b5 \u03c4\u03b7\u03bd \u03b1\u03ba\u03b1\u03b4\u03b7\u03bc\u03b1\u03ca\u03ba\u03ae \u03c4\u03bf\u03c5 \u03c0\u03bf\u03c1\u03b5\u03af\u03b1 \u03c9\u03c2 \u03b4\u03b9\u03b4\u03ac\u03ba\u03c4\u03c9\u03c1 \u03c4\u03bf\u03c5 \u03a0\u03b1\u03bd\u03b5\u03c0\u03b9\u03c3\u03c4\u03b7\u03bc\u03af\u03bf\u03c5 \u0391\u03b8\u03b7\u03bd\u03ce\u03bd. \u0397 \u03b5\u03be\u03b5\u03b9\u03b4\u03af\u03ba\u03b5\u03c5\u03c3\u03ae \u03c4\u03bf\u03c5 \u03c3\u03c4\u03b7\u03bd \u0391\u03b3\u03b3\u03b5\u03b9\u03bf\u03c7\u03b5\u03b9\u03c1\u03bf\u03c5\u03c1\u03b3\u03b9\u03ba\u03ae \u03c3\u03c4\u03bf \u039d\u03bf\u03c3\u03bf\u03ba\u03bf\u03bc\u03b5\u03af\u03bf [&hellip;]<\/p>","protected":false},"author":1,"featured_media":0,"parent":0,"menu_order":0,"comment_status":"closed","ping_status":"closed","template":"","meta":{"footnotes":""},"class_list":["post-115","page","type-page","status-publish","hentry"],"_links":{"self":[{"href":"https:\/\/moulakakisvascular.gr\/en\/wp-json\/wp\/v2\/pages\/115","targetHints":{"allow":["GET"]}}],"collection":[{"href":"https:\/\/moulakakisvascular.gr\/en\/wp-json\/wp\/v2\/pages"}],"about":[{"href":"https:\/\/moulakakisvascular.gr\/en\/wp-json\/wp\/v2\/types\/page"}],"author":[{"embeddable":true,"href":"https:\/\/moulakakisvascular.gr\/en\/wp-json\/wp\/v2\/users\/1"}],"replies":[{"embeddable":true,"href":"https:\/\/moulakakisvascular.gr\/en\/wp-json\/wp\/v2\/comments?post=115"}],"version-history":[{"count":58,"href":"https:\/\/moulakakisvascular.gr\/en\/wp-json\/wp\/v2\/pages\/115\/revisions"}],"predecessor-version":[{"id":1342,"href":"https:\/\/moulakakisvascular.gr\/en\/wp-json\/wp\/v2\/pages\/115\/revisions\/1342"}],"wp:attachment":[{"href":"https:\/\/moulakakisvascular.gr\/en\/wp-json\/wp\/v2\/media?parent=115"}],"curies":[{"name":"wp","href":"https:\/\/api.w.org\/{rel}","templated":true}]}}